{"id":76,"date":"2021-12-27T09:52:18","date_gmt":"2021-12-27T06:52:18","guid":{"rendered":"https:\/\/demosites.royal-elementor-addons.com\/portfolio-v1\/?page_id=76"},"modified":"2025-03-01T03:58:28","modified_gmt":"2025-03-01T00:58:28","slug":"about","status":"publish","type":"page","link":"https:\/\/mustishow.com\/?page_id=76","title":{"rendered":"About"},"content":{"rendered":"\t\t<div data-elementor-type=\"wp-page\" data-elementor-id=\"76\" class=\"elementor elementor-76\">\n\t\t\t\t\t\t<section class=\"elementor-section elementor-top-section elementor-element elementor-element-b367c58 elementor-section-boxed elementor-section-height-default elementor-section-height-default wpr-particle-no wpr-jarallax-no wpr-parallax-no wpr-equal-height-no\" data-id=\"b367c58\" data-element_type=\"section\" data-e-type=\"section\" data-settings=\"{&quot;background_background&quot;:&quot;classic&quot;}\">\n\t\t\t\t\t\t\t<div class=\"elementor-background-overlay\"><\/div>\n\t\t\t\t\t\t\t<div class=\"elementor-container elementor-column-gap-default\">\n\t\t\t\t\t<div class=\"elementor-column elementor-col-100 elementor-top-column elementor-element elementor-element-112f10b\" data-id=\"112f10b\" data-element_type=\"column\" data-e-type=\"column\">\n\t\t\t<div class=\"elementor-widget-wrap elementor-element-populated\">\n\t\t\t\t\t\t<div class=\"elementor-element elementor-element-96b0967 elementor-widget elementor-widget-heading\" data-id=\"96b0967\" data-element_type=\"widget\" data-e-type=\"widget\" data-widget_type=\"heading.default\">\n\t\t\t\t<div class=\"elementor-widget-container\">\n\t\t\t\t\t<h2 class=\"elementor-heading-title elementor-size-default\">Hakk\u0131mda<\/h2>\t\t\t\t<\/div>\n\t\t\t\t<\/div>\n\t\t\t\t\t<\/div>\n\t\t<\/div>\n\t\t\t\t\t<\/div>\n\t\t<\/section>\n\t\t\t\t<section class=\"elementor-section elementor-top-section elementor-element elementor-element-74cf422 elementor-section-boxed elementor-section-height-default elementor-section-height-default wpr-particle-no wpr-jarallax-no wpr-parallax-no wpr-sticky-section-no wpr-equal-height-no\" data-id=\"74cf422\" data-element_type=\"section\" data-e-type=\"section\">\n\t\t\t\t\t\t<div class=\"elementor-container elementor-column-gap-wide\">\n\t\t\t\t\t<div class=\"elementor-column elementor-col-50 elementor-top-column elementor-element elementor-element-123f77d\" data-id=\"123f77d\" data-element_type=\"column\" data-e-type=\"column\">\n\t\t\t<div class=\"elementor-widget-wrap elementor-element-populated\">\n\t\t\t\t\t\t<section class=\"elementor-section elementor-inner-section elementor-element elementor-element-a8074ec elementor-section-boxed elementor-section-height-default elementor-section-height-default wpr-particle-no wpr-jarallax-no wpr-parallax-no wpr-sticky-section-no wpr-equal-height-no\" data-id=\"a8074ec\" data-element_type=\"section\" data-e-type=\"section\">\n\t\t\t\t\t\t<div class=\"elementor-container elementor-column-gap-no\">\n\t\t\t\t\t<div class=\"elementor-column elementor-col-50 elementor-inner-column elementor-element elementor-element-214fff4\" data-id=\"214fff4\" data-element_type=\"column\" data-e-type=\"column\">\n\t\t\t<div class=\"elementor-widget-wrap elementor-element-populated\">\n\t\t\t\t\t\t<div class=\"elementor-element elementor-element-28d6514 elementor-widget-divider--view-line elementor-widget elementor-widget-divider\" data-id=\"28d6514\" data-element_type=\"widget\" data-e-type=\"widget\" data-widget_type=\"divider.default\">\n\t\t\t\t<div class=\"elementor-widget-container\">\n\t\t\t\t\t\t\t<div class=\"elementor-divider\">\n\t\t\t<span class=\"elementor-divider-separator\">\n\t\t\t\t\t\t<\/span>\n\t\t<\/div>\n\t\t\t\t\t\t<\/div>\n\t\t\t\t<\/div>\n\t\t\t\t\t<\/div>\n\t\t<\/div>\n\t\t\t\t<div class=\"elementor-column elementor-col-50 elementor-inner-column elementor-element elementor-element-3527167\" data-id=\"3527167\" data-element_type=\"column\" data-e-type=\"column\">\n\t\t\t<div class=\"elementor-widget-wrap elementor-element-populated\">\n\t\t\t\t\t\t<div class=\"elementor-element elementor-element-01f2403 elementor-widget elementor-widget-heading\" data-id=\"01f2403\" data-element_type=\"widget\" data-e-type=\"widget\" data-widget_type=\"heading.default\">\n\t\t\t\t<div class=\"elementor-widget-container\">\n\t\t\t\t\t<h2 class=\"elementor-heading-title elementor-size-default\">Hakk\u0131mda<\/h2>\t\t\t\t<\/div>\n\t\t\t\t<\/div>\n\t\t\t\t\t<\/div>\n\t\t<\/div>\n\t\t\t\t\t<\/div>\n\t\t<\/section>\n\t\t\t\t<div class=\"elementor-element elementor-element-736c3d4 elementor-widget elementor-widget-heading\" data-id=\"736c3d4\" data-element_type=\"widget\" data-e-type=\"widget\" data-widget_type=\"heading.default\">\n\t\t\t\t<div class=\"elementor-widget-container\">\n\t\t\t\t\t<h2 class=\"elementor-heading-title elementor-size-default\">Benim G\u00f6r\u00fc\u015f\u00fcm<\/h2>\t\t\t\t<\/div>\n\t\t\t\t<\/div>\n\t\t\t\t<div class=\"elementor-element elementor-element-1f254b8 elementor-widget elementor-widget-text-editor\" data-id=\"1f254b8\" data-element_type=\"widget\" data-e-type=\"widget\" data-widget_type=\"text-editor.default\">\n\t\t\t\t<div class=\"elementor-widget-container\">\n\t\t\t\t\t\t\t\t\t<p>Lisans e\u011fitimimi Grafik Tasar\u0131m alan\u0131nda tamamlad\u0131ktan sonra, bu alanda kendimi geli\u015ftirerek mesleki kariyerimi s\u00fcrd\u00fcrme karar\u0131n\u0131 tam 10 y\u0131l \u00f6nce verdim.<\/p>\t\t\t\t\t\t\t\t<\/div>\n\t\t\t\t<\/div>\n\t\t\t\t\t<\/div>\n\t\t<\/div>\n\t\t\t\t<div class=\"elementor-column elementor-col-50 elementor-top-column elementor-element elementor-element-90fade7\" data-id=\"90fade7\" data-element_type=\"column\" data-e-type=\"column\">\n\t\t\t<div class=\"elementor-widget-wrap elementor-element-populated\">\n\t\t\t\t\t\t<div class=\"elementor-element elementor-element-704a111 elementor-widget elementor-widget-text-editor\" data-id=\"704a111\" data-element_type=\"widget\" data-e-type=\"widget\" data-widget_type=\"text-editor.default\">\n\t\t\t\t<div class=\"elementor-widget-container\">\n\t\t\t\t\t\t\t\t\t<p>Yarat\u0131c\u0131l\u0131\u011f\u0131m\u0131 kullanarak yeni \u015feyler \u00fcretmek, bunlar\u0131 en iyi \u015fekilde sunmak ve be\u011fenildi\u011finde gurur duymak, bu i\u015fin en keyifli yan\u0131. Bu nedenle, her projede en iyisini ortaya koymak i\u00e7in b\u00fcy\u00fck bir \u00f6zveri ve tutku ile \u00e7al\u0131\u015f\u0131yorum.<\/p><p>Grafik tasar\u0131m\u0131n yan\u0131 s\u0131ra sosyal medya konusunda da olduk\u00e7a deneyimliyim ve dijital d\u00fcnyada markalar\u0131n etkili bir \u015fekilde varl\u0131k g\u00f6stermesi i\u00e7in stratejik \u00e7\u00f6z\u00fcmler \u00fcretiyorum. Beni tan\u0131mak ve \u00e7al\u0131\u015fmalar\u0131m\u0131 incelemek istedi\u011finiz i\u00e7in hepinize te\u015fekk\u00fcr ederim.<\/p><div id=\"mttContainer\" class=\"notranslate\" style=\"transform: translate(249px, 147px);\" aria-expanded=\"false\">\u00a0<\/div>\t\t\t\t\t\t\t\t<\/div>\n\t\t\t\t<\/div>\n\t\t\t\t\t<\/div>\n\t\t<\/div>\n\t\t\t\t\t<\/div>\n\t\t<\/section>\n\t\t\t\t<section class=\"elementor-section elementor-top-section elementor-element elementor-element-0c6ab40 elementor-section-boxed elementor-section-height-default elementor-section-height-default wpr-particle-no wpr-jarallax-no wpr-parallax-no wpr-sticky-section-no wpr-equal-height-no\" data-id=\"0c6ab40\" data-element_type=\"section\" data-e-type=\"section\" data-settings=\"{&quot;background_background&quot;:&quot;classic&quot;}\">\n\t\t\t\t\t\t\t<div class=\"elementor-background-overlay\"><\/div>\n\t\t\t\t\t\t\t<div class=\"elementor-container elementor-column-gap-default\">\n\t\t\t\t\t<div class=\"elementor-column elementor-col-50 elementor-top-column elementor-element elementor-element-8583c33 elementor-hidden-tablet elementor-hidden-mobile\" data-id=\"8583c33\" data-element_type=\"column\" data-e-type=\"column\">\n\t\t\t<div class=\"elementor-widget-wrap\">\n\t\t\t\t\t\t\t<\/div>\n\t\t<\/div>\n\t\t\t\t<div class=\"elementor-column elementor-col-50 elementor-top-column elementor-element elementor-element-6943213\" data-id=\"6943213\" data-element_type=\"column\" data-e-type=\"column\">\n\t\t\t<div class=\"elementor-widget-wrap elementor-element-populated\">\n\t\t\t\t\t\t<section class=\"elementor-section elementor-inner-section elementor-element elementor-element-e3eacda elementor-section-boxed elementor-section-height-default elementor-section-height-default wpr-particle-no wpr-jarallax-no wpr-parallax-no wpr-sticky-section-no wpr-equal-height-no\" data-id=\"e3eacda\" data-element_type=\"section\" data-e-type=\"section\">\n\t\t\t\t\t\t<div class=\"elementor-container elementor-column-gap-no\">\n\t\t\t\t\t<div class=\"elementor-column elementor-col-50 elementor-inner-column elementor-element elementor-element-3a7e176\" data-id=\"3a7e176\" data-element_type=\"column\" data-e-type=\"column\">\n\t\t\t<div class=\"elementor-widget-wrap elementor-element-populated\">\n\t\t\t\t\t\t<div class=\"elementor-element elementor-element-85e836b elementor-widget-divider--view-line elementor-widget elementor-widget-divider\" data-id=\"85e836b\" data-element_type=\"widget\" data-e-type=\"widget\" data-widget_type=\"divider.default\">\n\t\t\t\t<div class=\"elementor-widget-container\">\n\t\t\t\t\t\t\t<div class=\"elementor-divider\">\n\t\t\t<span class=\"elementor-divider-separator\">\n\t\t\t\t\t\t<\/span>\n\t\t<\/div>\n\t\t\t\t\t\t<\/div>\n\t\t\t\t<\/div>\n\t\t\t\t\t<\/div>\n\t\t<\/div>\n\t\t\t\t<div class=\"elementor-column elementor-col-50 elementor-inner-column elementor-element elementor-element-b9040a0\" data-id=\"b9040a0\" data-element_type=\"column\" data-e-type=\"column\">\n\t\t\t<div class=\"elementor-widget-wrap elementor-element-populated\">\n\t\t\t\t\t\t<div class=\"elementor-element elementor-element-1f0fec4 elementor-widget elementor-widget-heading\" data-id=\"1f0fec4\" data-element_type=\"widget\" data-e-type=\"widget\" data-widget_type=\"heading.default\">\n\t\t\t\t<div class=\"elementor-widget-container\">\n\t\t\t\t\t<h2 class=\"elementor-heading-title elementor-size-default\">Dijital<\/h2>\t\t\t\t<\/div>\n\t\t\t\t<\/div>\n\t\t\t\t\t<\/div>\n\t\t<\/div>\n\t\t\t\t\t<\/div>\n\t\t<\/section>\n\t\t\t\t<div class=\"elementor-element elementor-element-9371606 elementor-widget elementor-widget-heading\" data-id=\"9371606\" data-element_type=\"widget\" data-e-type=\"widget\" data-widget_type=\"heading.default\">\n\t\t\t\t<div class=\"elementor-widget-container\">\n\t\t\t\t\t<h2 class=\"elementor-heading-title elementor-size-default\">Bunca Y\u0131l Neler Yapt\u0131m?\n<\/h2>\t\t\t\t<\/div>\n\t\t\t\t<\/div>\n\t\t\t\t<div class=\"elementor-element elementor-element-84d8701 elementor-widget elementor-widget-text-editor\" data-id=\"84d8701\" data-element_type=\"widget\" data-e-type=\"widget\" data-widget_type=\"text-editor.default\">\n\t\t\t\t<div class=\"elementor-widget-container\">\n\t\t\t\t\t\t\t\t\t<p>Renkler, \u015fekiller ve tipografiyle kendimi ifade etmeyi seviyorum. Grafik tasar\u0131m benim i\u00e7in sadece bir i\u015f de\u011fil, ayn\u0131 zamanda bir tutku.<\/p><div id=\"mttContainer\" class=\"notranslate\" style=\"transform: translate(253px, 116px);\" aria-expanded=\"false\">\u00a0<\/div>\t\t\t\t\t\t\t\t<\/div>\n\t\t\t\t<\/div>\n\t\t\t\t<div class=\"elementor-element elementor-element-9338190 wpr-pbar-title-pos-outside wpr-pbar-counter-pos-outside wpr-prbar-layout-hr-line elementor-widget elementor-widget-wpr-progress-bar\" data-id=\"9338190\" data-element_type=\"widget\" data-e-type=\"widget\" data-widget_type=\"wpr-progress-bar.default\">\n\t\t\t\t<div class=\"elementor-widget-container\">\n\t\t\t\t\t\t\t\t\n\t\t<div class=\"wpr-progress-bar\" data-options=\"{&quot;counterValue&quot;:95,&quot;counterValuePersent&quot;:95,&quot;counterSeparator&quot;:&quot;&quot;,&quot;animDuration&quot;:1000,&quot;animDelay&quot;:1000,&quot;loop&quot;:&quot;&quot;,&quot;loopDelay&quot;:&quot;&quot;}\">\n\t\t\n\t\t\t<div class=\"wpr-prbar-content elementor-clearfix\"><div class=\"wpr-prbar-title-wrap\"><div class=\"wpr-prbar-title\">Photograph<\/div><div class=\"wpr-prbar-subtitle\"><\/div><\/div>\n\t\t<div class=\"wpr-prbar-counter\">\n\n\t\t\t\n\t\t\t\t\t\t<span class=\"wpr-prbar-counter-value\">0<\/span>\n\t\t\t\n\t\t\t\t\t\t<span class=\"wpr-prbar-counter-value-suffix\">%<\/span>\n\t\t\t\n\t\t<\/div>\n\n\t\t<\/div>\n\t\t<div class=\"wpr-prbar-hr-line\">\n\t\t\t<div class=\"wpr-prbar-hr-line-inner wpr-anim-timing-ease-default\">\n\t\t\t\t\t\t\t<\/div>\n\t\t\t\t\t<\/div>\n\n\t\t\n\t\t<\/div>\n\n\t\t\t\t\t\t<\/div>\n\t\t\t\t<\/div>\n\t\t\t\t<div class=\"elementor-element elementor-element-234bea6 wpr-pbar-title-pos-outside wpr-pbar-counter-pos-outside wpr-prbar-layout-hr-line elementor-widget elementor-widget-wpr-progress-bar\" data-id=\"234bea6\" data-element_type=\"widget\" data-e-type=\"widget\" data-widget_type=\"wpr-progress-bar.default\">\n\t\t\t\t<div class=\"elementor-widget-container\">\n\t\t\t\t\t\t\t\t\n\t\t<div class=\"wpr-progress-bar\" data-options=\"{&quot;counterValue&quot;:80,&quot;counterValuePersent&quot;:80,&quot;counterSeparator&quot;:&quot;&quot;,&quot;animDuration&quot;:1000,&quot;animDelay&quot;:1000,&quot;loop&quot;:&quot;&quot;,&quot;loopDelay&quot;:&quot;&quot;}\">\n\t\t\n\t\t\t<div class=\"wpr-prbar-content elementor-clearfix\"><div class=\"wpr-prbar-title-wrap\"><div class=\"wpr-prbar-title\">Video<\/div><div class=\"wpr-prbar-subtitle\"><\/div><\/div>\n\t\t<div class=\"wpr-prbar-counter\">\n\n\t\t\t\n\t\t\t\t\t\t<span class=\"wpr-prbar-counter-value\">0<\/span>\n\t\t\t\n\t\t\t\t\t\t<span class=\"wpr-prbar-counter-value-suffix\">%<\/span>\n\t\t\t\n\t\t<\/div>\n\n\t\t<\/div>\n\t\t<div class=\"wpr-prbar-hr-line\">\n\t\t\t<div class=\"wpr-prbar-hr-line-inner wpr-anim-timing-ease-default\">\n\t\t\t\t\t\t\t<\/div>\n\t\t\t\t\t<\/div>\n\n\t\t\n\t\t<\/div>\n\n\t\t\t\t\t\t<\/div>\n\t\t\t\t<\/div>\n\t\t\t\t<div class=\"elementor-element elementor-element-8164086 wpr-pbar-title-pos-outside wpr-pbar-counter-pos-outside wpr-prbar-layout-hr-line elementor-widget elementor-widget-wpr-progress-bar\" data-id=\"8164086\" data-element_type=\"widget\" data-e-type=\"widget\" data-widget_type=\"wpr-progress-bar.default\">\n\t\t\t\t<div class=\"elementor-widget-container\">\n\t\t\t\t\t\t\t\t\n\t\t<div class=\"wpr-progress-bar\" data-options=\"{&quot;counterValue&quot;:98,&quot;counterValuePersent&quot;:98,&quot;counterSeparator&quot;:&quot;&quot;,&quot;animDuration&quot;:1000,&quot;animDelay&quot;:1000,&quot;loop&quot;:&quot;&quot;,&quot;loopDelay&quot;:&quot;&quot;}\">\n\t\t\n\t\t\t<div class=\"wpr-prbar-content elementor-clearfix\"><div class=\"wpr-prbar-title-wrap\"><div class=\"wpr-prbar-title\">Graphic Designer<\/div><div class=\"wpr-prbar-subtitle\"><\/div><\/div>\n\t\t<div class=\"wpr-prbar-counter\">\n\n\t\t\t\n\t\t\t\t\t\t<span class=\"wpr-prbar-counter-value\">0<\/span>\n\t\t\t\n\t\t\t\t\t\t<span class=\"wpr-prbar-counter-value-suffix\">%<\/span>\n\t\t\t\n\t\t<\/div>\n\n\t\t<\/div>\n\t\t<div class=\"wpr-prbar-hr-line\">\n\t\t\t<div class=\"wpr-prbar-hr-line-inner wpr-anim-timing-ease-default\">\n\t\t\t\t\t\t\t<\/div>\n\t\t\t\t\t<\/div>\n\n\t\t\n\t\t<\/div>\n\n\t\t\t\t\t\t<\/div>\n\t\t\t\t<\/div>\n\t\t\t\t<div class=\"elementor-element elementor-element-ee25569 wpr-pbar-title-pos-outside wpr-pbar-counter-pos-outside wpr-prbar-layout-hr-line elementor-widget elementor-widget-wpr-progress-bar\" data-id=\"ee25569\" data-element_type=\"widget\" data-e-type=\"widget\" data-widget_type=\"wpr-progress-bar.default\">\n\t\t\t\t<div class=\"elementor-widget-container\">\n\t\t\t\t\t\t\t\t\n\t\t<div class=\"wpr-progress-bar\" data-options=\"{&quot;counterValue&quot;:90,&quot;counterValuePersent&quot;:90,&quot;counterSeparator&quot;:&quot;&quot;,&quot;animDuration&quot;:1000,&quot;animDelay&quot;:1000,&quot;loop&quot;:&quot;&quot;,&quot;loopDelay&quot;:&quot;&quot;}\">\n\t\t\n\t\t\t<div class=\"wpr-prbar-content elementor-clearfix\"><div class=\"wpr-prbar-title-wrap\"><div class=\"wpr-prbar-title\">Motion Graphic Designer<\/div><div class=\"wpr-prbar-subtitle\"><\/div><\/div>\n\t\t<div class=\"wpr-prbar-counter\">\n\n\t\t\t\n\t\t\t\t\t\t<span class=\"wpr-prbar-counter-value\">0<\/span>\n\t\t\t\n\t\t\t\t\t\t<span class=\"wpr-prbar-counter-value-suffix\">%<\/span>\n\t\t\t\n\t\t<\/div>\n\n\t\t<\/div>\n\t\t<div class=\"wpr-prbar-hr-line\">\n\t\t\t<div class=\"wpr-prbar-hr-line-inner wpr-anim-timing-ease-default\">\n\t\t\t\t\t\t\t<\/div>\n\t\t\t\t\t<\/div>\n\n\t\t\n\t\t<\/div>\n\n\t\t\t\t\t\t<\/div>\n\t\t\t\t<\/div>\n\t\t\t\t<div class=\"elementor-element elementor-element-dd769d6 wpr-pbar-title-pos-outside wpr-pbar-counter-pos-outside wpr-prbar-layout-hr-line elementor-widget elementor-widget-wpr-progress-bar\" data-id=\"dd769d6\" data-element_type=\"widget\" data-e-type=\"widget\" data-widget_type=\"wpr-progress-bar.default\">\n\t\t\t\t<div class=\"elementor-widget-container\">\n\t\t\t\t\t\t\t\t\n\t\t<div class=\"wpr-progress-bar\" data-options=\"{&quot;counterValue&quot;:95,&quot;counterValuePersent&quot;:95,&quot;counterSeparator&quot;:&quot;&quot;,&quot;animDuration&quot;:1000,&quot;animDelay&quot;:1000,&quot;loop&quot;:&quot;&quot;,&quot;loopDelay&quot;:&quot;&quot;}\">\n\t\t\n\t\t\t<div class=\"wpr-prbar-content elementor-clearfix\"><div class=\"wpr-prbar-title-wrap\"><div class=\"wpr-prbar-title\">Social Media<\/div><div class=\"wpr-prbar-subtitle\"><\/div><\/div>\n\t\t<div class=\"wpr-prbar-counter\">\n\n\t\t\t\n\t\t\t\t\t\t<span class=\"wpr-prbar-counter-value\">0<\/span>\n\t\t\t\n\t\t\t\t\t\t<span class=\"wpr-prbar-counter-value-suffix\">%<\/span>\n\t\t\t\n\t\t<\/div>\n\n\t\t<\/div>\n\t\t<div class=\"wpr-prbar-hr-line\">\n\t\t\t<div class=\"wpr-prbar-hr-line-inner wpr-anim-timing-ease-default\">\n\t\t\t\t\t\t\t<\/div>\n\t\t\t\t\t<\/div>\n\n\t\t\n\t\t<\/div>\n\n\t\t\t\t\t\t<\/div>\n\t\t\t\t<\/div>\n\t\t\t\t\t<\/div>\n\t\t<\/div>\n\t\t\t\t\t<\/div>\n\t\t<\/section>\n\t\t\t\t<\/div>\n\t\t","protected":false},"excerpt":{"rendered":"<p>Hakk\u0131mda Hakk\u0131mda Benim G\u00f6r\u00fc\u015f\u00fcm Lisans e\u011fitimimi Grafik Tasar\u0131m alan\u0131nda tamamlad\u0131ktan sonra, bu alanda kendimi geli\u015ftirerek mesleki kariyerimi s\u00fcrd\u00fcrme karar\u0131n\u0131 tam 10 y\u0131l \u00f6nce verdim. Yarat\u0131c\u0131l\u0131\u011f\u0131m\u0131 kullanarak yeni \u015feyler \u00fcretmek, bunlar\u0131 en iyi \u015fekilde sunmak ve be\u011fenildi\u011finde gurur duymak, bu i\u015fin en keyifli yan\u0131. Bu nedenle, her projede en iyisini ortaya koymak i\u00e7in b\u00fcy\u00fck bir \u00f6zveri ve tutku ile \u00e7al\u0131\u015f\u0131yorum. Grafik tasar\u0131m\u0131n yan\u0131 s\u0131ra sosyal medya konusunda da olduk\u00e7a deneyimliyim ve dijital d\u00fcnyada markalar\u0131n etkili bir \u015fekilde varl\u0131k g\u00f6stermesi i\u00e7in stratejik \u00e7\u00f6z\u00fcmler \u00fcretiyorum. Beni tan\u0131mak ve \u00e7al\u0131\u015fmalar\u0131m\u0131 incelemek istedi\u011finiz i\u00e7in hepinize te\u015fekk\u00fcr ederim. \u00a0 Dijital Bunca Y\u0131l Neler Yapt\u0131m? Renkler, \u015fekiller ve tipografiyle kendimi ifade etmeyi seviyorum. Grafik tasar\u0131m benim i\u00e7in sadece bir i\u015f de\u011fil, ayn\u0131 zamanda bir tutku. \u00a0 Photograph 0 % Video 0 % Graphic Designer 0 % Motion Graphic Designer 0 % Social Media 0 %<\/p>\n","protected":false},"author":1,"featured_media":0,"parent":0,"menu_order":0,"comment_status":"closed","ping_status":"closed","template":"elementor_canvas","meta":{"footnotes":""},"class_list":["post-76","page","type-page","status-publish","hentry"],"_links":{"self":[{"href":"https:\/\/mustishow.com\/index.php?rest_route=\/wp\/v2\/pages\/76","targetHints":{"allow":["GET"]}}],"collection":[{"href":"https:\/\/mustishow.com\/index.php?rest_route=\/wp\/v2\/pages"}],"about":[{"href":"https:\/\/mustishow.com\/index.php?rest_route=\/wp\/v2\/types\/page"}],"author":[{"embeddable":true,"href":"https:\/\/mustishow.com\/index.php?rest_route=\/wp\/v2\/users\/1"}],"replies":[{"embeddable":true,"href":"https:\/\/mustishow.com\/index.php?rest_route=%2Fwp%2Fv2%2Fcomments&post=76"}],"version-history":[{"count":33,"href":"https:\/\/mustishow.com\/index.php?rest_route=\/wp\/v2\/pages\/76\/revisions"}],"predecessor-version":[{"id":1286,"href":"https:\/\/mustishow.com\/index.php?rest_route=\/wp\/v2\/pages\/76\/revisions\/1286"}],"wp:attachment":[{"href":"https:\/\/mustishow.com\/index.php?rest_route=%2Fwp%2Fv2%2Fmedia&parent=76"}],"curies":[{"name":"wp","href":"https:\/\/api.w.org\/{rel}","templated":true}]}}