{"id":84,"date":"2021-12-27T09:53:05","date_gmt":"2021-12-27T06:53:05","guid":{"rendered":"https:\/\/demosites.royal-elementor-addons.com\/portfolio-v1\/?page_id=84"},"modified":"2025-03-01T03:59:20","modified_gmt":"2025-03-01T00:59:20","slug":"portfolio","status":"publish","type":"page","link":"https:\/\/mustishow.com\/?page_id=84","title":{"rendered":"Portfolio"},"content":{"rendered":"\t\t<div data-elementor-type=\"wp-page\" data-elementor-id=\"84\" class=\"elementor elementor-84\">\n\t\t\t\t\t\t<section class=\"elementor-section elementor-top-section elementor-element elementor-element-9366ceb elementor-section-boxed elementor-section-height-default elementor-section-height-default wpr-particle-no wpr-jarallax-no wpr-parallax-no wpr-sticky-section-no wpr-equal-height-no\" data-id=\"9366ceb\" data-element_type=\"section\" data-e-type=\"section\" data-settings=\"{&quot;background_background&quot;:&quot;classic&quot;}\">\n\t\t\t\t\t\t\t<div class=\"elementor-background-overlay\"><\/div>\n\t\t\t\t\t\t\t<div class=\"elementor-container elementor-column-gap-default\">\n\t\t\t\t\t<div class=\"elementor-column elementor-col-100 elementor-top-column elementor-element elementor-element-f31d065\" data-id=\"f31d065\" data-element_type=\"column\" data-e-type=\"column\">\n\t\t\t<div class=\"elementor-widget-wrap elementor-element-populated\">\n\t\t\t\t\t\t<div class=\"elementor-element elementor-element-75b6582 elementor-widget elementor-widget-heading\" data-id=\"75b6582\" data-element_type=\"widget\" data-e-type=\"widget\" data-widget_type=\"heading.default\">\n\t\t\t\t<div class=\"elementor-widget-container\">\n\t\t\t\t\t<h2 class=\"elementor-heading-title elementor-size-default\">Portfolyo<\/h2>\t\t\t\t<\/div>\n\t\t\t\t<\/div>\n\t\t\t\t\t<\/div>\n\t\t<\/div>\n\t\t\t\t\t<\/div>\n\t\t<\/section>\n\t\t\t\t<section class=\"elementor-section elementor-top-section elementor-element elementor-element-5d59edd elementor-section-boxed elementor-section-height-default elementor-section-height-default wpr-particle-no wpr-jarallax-no wpr-parallax-no wpr-sticky-section-no wpr-equal-height-no\" data-id=\"5d59edd\" data-element_type=\"section\" data-e-type=\"section\">\n\t\t\t\t\t\t<div class=\"elementor-container elementor-column-gap-default\">\n\t\t\t\t\t<div class=\"elementor-column elementor-col-100 elementor-top-column elementor-element elementor-element-a1eec02\" data-id=\"a1eec02\" data-element_type=\"column\" data-e-type=\"column\">\n\t\t\t<div class=\"elementor-widget-wrap elementor-element-populated\">\n\t\t\t\t\t\t<section class=\"elementor-section elementor-inner-section elementor-element elementor-element-c8d3846 elementor-section-boxed elementor-section-height-default elementor-section-height-default wpr-particle-no wpr-jarallax-no wpr-parallax-no wpr-sticky-section-no wpr-equal-height-no\" data-id=\"c8d3846\" data-element_type=\"section\" data-e-type=\"section\">\n\t\t\t\t\t\t<div class=\"elementor-container elementor-column-gap-no\">\n\t\t\t\t\t<div class=\"elementor-column elementor-col-50 elementor-inner-column elementor-element elementor-element-284d5c8\" data-id=\"284d5c8\" data-element_type=\"column\" data-e-type=\"column\">\n\t\t\t<div class=\"elementor-widget-wrap elementor-element-populated\">\n\t\t\t\t\t\t<div class=\"elementor-element elementor-element-579fd36 elementor-widget-divider--view-line elementor-widget elementor-widget-divider\" data-id=\"579fd36\" data-element_type=\"widget\" data-e-type=\"widget\" data-widget_type=\"divider.default\">\n\t\t\t\t<div class=\"elementor-widget-container\">\n\t\t\t\t\t\t\t<div class=\"elementor-divider\">\n\t\t\t<span class=\"elementor-divider-separator\">\n\t\t\t\t\t\t<\/span>\n\t\t<\/div>\n\t\t\t\t\t\t<\/div>\n\t\t\t\t<\/div>\n\t\t\t\t\t<\/div>\n\t\t<\/div>\n\t\t\t\t<div class=\"elementor-column elementor-col-50 elementor-inner-column elementor-element elementor-element-9846d9c\" data-id=\"9846d9c\" data-element_type=\"column\" data-e-type=\"column\">\n\t\t\t<div class=\"elementor-widget-wrap elementor-element-populated\">\n\t\t\t\t\t\t<div class=\"elementor-element elementor-element-98457ea elementor-widget elementor-widget-heading\" data-id=\"98457ea\" data-element_type=\"widget\" data-e-type=\"widget\" data-widget_type=\"heading.default\">\n\t\t\t\t<div class=\"elementor-widget-container\">\n\t\t\t\t\t<h2 class=\"elementor-heading-title elementor-size-default\">Portfolyo<\/h2>\t\t\t\t<\/div>\n\t\t\t\t<\/div>\n\t\t\t\t\t<\/div>\n\t\t<\/div>\n\t\t\t\t\t<\/div>\n\t\t<\/section>\n\t\t\t\t<div class=\"elementor-element elementor-element-beb8637 elementor-widget elementor-widget-heading\" data-id=\"beb8637\" data-element_type=\"widget\" data-e-type=\"widget\" data-widget_type=\"heading.default\">\n\t\t\t\t<div class=\"elementor-widget-container\">\n\t\t\t\t\t<h2 class=\"elementor-heading-title elementor-size-default\">Benim Projelerim<\/h2>\t\t\t\t<\/div>\n\t\t\t\t<\/div>\n\t\t\t\t<div class=\"elementor-element elementor-element-c34fb5c elementor-widget elementor-widget-text-editor\" data-id=\"c34fb5c\" data-element_type=\"widget\" data-e-type=\"widget\" data-widget_type=\"text-editor.default\">\n\t\t\t\t<div class=\"elementor-widget-container\">\n\t\t\t\t\t\t\t\t\t<p>Bir\u00e7ok firma ile yapm\u0131\u015f oldu\u011fum baz\u0131 i\u015fleri sizler i\u00e7in d\u00fczenledim.<\/p><div id=\"mttContainer\" class=\"notranslate\" style=\"transform: translate(244px, 8px);\" aria-expanded=\"false\">\u00a0<\/div>\t\t\t\t\t\t\t\t<\/div>\n\t\t\t\t<\/div>\n\t\t\t\t\t<\/div>\n\t\t<\/div>\n\t\t\t\t\t<\/div>\n\t\t<\/section>\n\t\t\t\t<section class=\"elementor-section elementor-top-section elementor-element elementor-element-7e90d0c00 elementor-section-boxed elementor-section-height-default elementor-section-height-default wpr-particle-no wpr-jarallax-no wpr-parallax-no wpr-sticky-section-no wpr-equal-height-no\" data-id=\"7e90d0c00\" data-element_type=\"section\" data-e-type=\"section\">\n\t\t\t\t\t\t<div class=\"elementor-container elementor-column-gap-default\">\n\t\t\t\t\t<div class=\"elementor-column elementor-col-100 elementor-top-column elementor-element elementor-element-6f3bf61a\" data-id=\"6f3bf61a\" data-element_type=\"column\" data-e-type=\"column\">\n\t\t\t<div class=\"elementor-widget-wrap elementor-element-populated\">\n\t\t\t\t\t\t<div class=\"elementor-element elementor-element-12765c18 wpr-grid-columns-3 wpr-grid-columns--tablet2 wpr-grid-columns--mobile1 wpr-grid-pagination-center wpr-item-styles-inner elementor-widget elementor-widget-wpr-grid\" data-id=\"12765c18\" data-element_type=\"widget\" data-e-type=\"widget\" data-widget_type=\"wpr-grid.default\">\n\t\t\t\t<div class=\"elementor-widget-container\">\n\t\t\t\t\t<ul class=\"wpr-grid-filters elementor-clearfix wpr-grid-filters-sep-left\"><li class=\" wpr-pointer-none wpr-pointer-line-fx wpr-pointer-fx-none\"><span  data-filter=\"*\" class=\"wpr-grid-filters-item wpr-active-filter \">All Work<\/span><\/li><li class=\" wpr-pointer-none wpr-pointer-line-fx wpr-pointer-fx-none\"><em class=\"wpr-grid-filters-sep\">\/<\/em><span   data-ajax-filter=[\"category\",\"kartvizitler\"]  data-filter=\".category-kartvizitler\">Kartvizitler<\/span><\/li><li data-role=\"parent\" class=\" wpr-pointer-none wpr-pointer-line-fx wpr-pointer-fx-none\"><em class=\"wpr-grid-filters-sep\">\/<\/em><span   data-ajax-filter=[\"category\",\"logolar\"]  data-filter=\".category-logolar\">Logolar<\/span><\/li><li class=\" wpr-pointer-none wpr-pointer-line-fx wpr-pointer-fx-none\"><em class=\"wpr-grid-filters-sep\">\/<\/em><span   data-ajax-filter=[\"category\",\"poster\"]  data-filter=\".category-poster\">Poster<\/span><\/li><li class=\" wpr-pointer-none wpr-pointer-line-fx wpr-pointer-fx-none\"><em class=\"wpr-grid-filters-sep\">\/<\/em><span   data-ajax-filter=[\"category\",\"web\"]  data-filter=\".category-web\">Web<\/span><\/li><ul data-parent=\".category-logolar\" class=\"wpr-sub-filters\"><li data-role=\"back\" class=\" wpr-pointer-none wpr-pointer-line-fx wpr-pointer-fx-none\"><span class=\"wpr-back-filter\"  data-ajax-filter=[\"category\",\"logolar\"]  data-filter=\".category-logolar\"><i class=\"fas fa-long-arrow-alt-left\"><\/i>&nbsp;&nbsp;Back<\/span><\/li><li data-role=\"sub\" class=\" wpr-pointer-none wpr-pointer-line-fx wpr-pointer-fx-none\"><em class=\"wpr-grid-filters-sep\">\/<\/em><span   data-ajax-filter=[\"category\",\"digital\"]  data-filter=\".category-digital\">Digital<\/span><\/li><li data-role=\"sub\" class=\" wpr-pointer-none wpr-pointer-line-fx wpr-pointer-fx-none\"><em class=\"wpr-grid-filters-sep\">\/<\/em><span   data-ajax-filter=[\"category\",\"real\"]  data-filter=\".category-real\">Real<\/span><\/li><\/ul><\/ul><section class=\"wpr-grid elementor-clearfix\" data-settings=\"{&quot;layout&quot;:&quot;fitRows&quot;,&quot;stick_last_element_to_bottom&quot;:&quot;&quot;,&quot;columns_desktop&quot;:&quot;3&quot;,&quot;gutter_hr&quot;:15,&quot;gutter_hr_mobile&quot;:15,&quot;gutter_hr_mobile_extra&quot;:15,&quot;gutter_hr_tablet&quot;:15,&quot;gutter_hr_tablet_extra&quot;:15,&quot;gutter_hr_laptop&quot;:15,&quot;gutter_hr_widescreen&quot;:15,&quot;gutter_vr&quot;:15,&quot;gutter_vr_mobile&quot;:15,&quot;gutter_vr_mobile_extra&quot;:15,&quot;gutter_vr_tablet&quot;:15,&quot;gutter_vr_tablet_extra&quot;:15,&quot;gutter_vr_laptop&quot;:15,&quot;gutter_vr_widescreen&quot;:15,&quot;animation&quot;:&quot;default&quot;,&quot;animation_duration&quot;:0.3,&quot;animation_delay&quot;:0.1,&quot;deeplinking&quot;:&quot;&quot;,&quot;filters_linkable&quot;:&quot;no&quot;,&quot;filters_default_filter&quot;:&quot;&quot;,&quot;filters_count&quot;:&quot;&quot;,&quot;filters_hide_empty&quot;:&quot;yes&quot;,&quot;filters_animation&quot;:&quot;default&quot;,&quot;filters_animation_duration&quot;:0.3,&quot;filters_animation_delay&quot;:0.1,&quot;pagination_type&quot;:&quot;load-more&quot;,&quot;pagination_max_pages&quot;:1,&quot;lightbox&quot;:{&quot;selector&quot;:&quot;.wpr-grid-image-wrap&quot;,&quot;iframeMaxWidth&quot;:&quot;60%&quot;,&quot;hash&quot;:false,&quot;autoplay&quot;:&quot;true&quot;,&quot;pause&quot;:5000,&quot;progressBar&quot;:&quot;true&quot;,&quot;counter&quot;:&quot;true&quot;,&quot;controls&quot;:&quot;true&quot;,&quot;getCaptionFromTitleOrAlt&quot;:&quot;true&quot;,&quot;thumbnail&quot;:&quot;&quot;,&quot;showThumbByDefault&quot;:&quot;&quot;,&quot;share&quot;:&quot;&quot;,&quot;zoom&quot;:&quot;true&quot;,&quot;fullScreen&quot;:&quot;true&quot;,&quot;download&quot;:&quot;true&quot;}}\" data-advanced-filters=\"no\"><article class=\"wpr-grid-item elementor-clearfix post-1238 post type-post status-publish format-standard has-post-thumbnail hentry category-kartvizitler\"><div class=\"wpr-grid-item-inner\"><div class=\"wpr-grid-media-wrap wpr-effect-size-medium \" data-overlay-link=\"yes\"><div class=\"wpr-grid-image-wrap\" data-src=\"https:\/\/mustishow.com\/wp-content\/uploads\/elementor\/thumbs\/Basliksiz-6-11-r26blfta388abd9qspufssmetta305wsws1ys22dsc.jpg\" data-img-on-hover=\"\"  data-src-secondary=\"\"><img decoding=\"async\" data-no-lazy=\"1\" src=\"https:\/\/mustishow.com\/wp-content\/uploads\/elementor\/thumbs\/Basliksiz-6-11-r26blfta388abd9qspufssmetta305wsws1ys22dsc.jpg\" alt=\"Kartvizitler-2\" class=\"wpr-anim-timing-ease-default\"><\/div><div class=\"wpr-grid-media-hover wpr-animation-wrap\"><div class=\"wpr-grid-media-hover-bg  wpr-overlay-fade-in wpr-anim-size-large wpr-anim-timing-ease-default wpr-anim-transparency\" data-url=\"https:\/\/mustishow.com\/?p=1238\"><\/div><div class=\"wpr-cv-container\"><div class=\"wpr-cv-outer\"><div class=\"wpr-cv-inner\"><div class=\"wpr-grid-media-hover-middle elementor-clearfix\"><h2 class=\"wpr-grid-item-title elementor-repeater-item-83c0ab6 wpr-grid-item-display-block wpr-grid-item-align-center wpr-element-fade-in wpr-anim-size-large wpr-anim-timing-ease-default wpr-anim-transparency wpr-pointer-none wpr-pointer-line-fx wpr-pointer-fx-fade\"><div class=\"inner-block\"><a target=\"_self\"  href=\"https:\/\/mustishow.com\/?p=1238\">Kartvizitler-2<\/a><\/div><\/h2><div class=\"wpr-grid-item-category elementor-repeater-item-deefd3e wpr-grid-item-display-block wpr-grid-item-align-center wpr-element-fade-in wpr-anim-size-large wpr-anim-timing-ease-default wpr-anim-transparency wpr-pointer-none wpr-pointer-line-fx wpr-pointer-fx-fade wpr-grid-tax-style-1\"><div class=\"inner-block\"><a class=\" wpr-tax-id-1\" href=\"https:\/\/mustishow.com\/?cat=1\">Kartvizitler<\/a><\/div><\/div><\/div><\/div><\/div><\/div><\/div><\/div><\/div><\/article><article class=\"wpr-grid-item elementor-clearfix post-1 post type-post status-publish format-standard has-post-thumbnail hentry category-kartvizitler\"><div class=\"wpr-grid-item-inner\"><div class=\"wpr-grid-media-wrap wpr-effect-size-medium \" data-overlay-link=\"yes\"><div class=\"wpr-grid-image-wrap\" data-src=\"https:\/\/mustishow.com\/wp-content\/uploads\/elementor\/thumbs\/Basliksiz-6-11-r26blfta388abd9qspufssmetta305wsws1ys22dsc.jpg\" data-img-on-hover=\"\"  data-src-secondary=\"\"><img decoding=\"async\" data-no-lazy=\"1\" src=\"https:\/\/mustishow.com\/wp-content\/uploads\/elementor\/thumbs\/Basliksiz-6-11-r26blfta388abd9qspufssmetta305wsws1ys22dsc.jpg\" alt=\"Kartvizitler\" class=\"wpr-anim-timing-ease-default\"><\/div><div class=\"wpr-grid-media-hover wpr-animation-wrap\"><div class=\"wpr-grid-media-hover-bg  wpr-overlay-fade-in wpr-anim-size-large wpr-anim-timing-ease-default wpr-anim-transparency\" data-url=\"https:\/\/mustishow.com\/?p=1\"><\/div><div class=\"wpr-cv-container\"><div class=\"wpr-cv-outer\"><div class=\"wpr-cv-inner\"><div class=\"wpr-grid-media-hover-middle elementor-clearfix\"><h2 class=\"wpr-grid-item-title elementor-repeater-item-83c0ab6 wpr-grid-item-display-block wpr-grid-item-align-center wpr-element-fade-in wpr-anim-size-large wpr-anim-timing-ease-default wpr-anim-transparency wpr-pointer-none wpr-pointer-line-fx wpr-pointer-fx-fade\"><div class=\"inner-block\"><a target=\"_self\"  href=\"https:\/\/mustishow.com\/?p=1\">Kartvizitler<\/a><\/div><\/h2><div class=\"wpr-grid-item-category elementor-repeater-item-deefd3e wpr-grid-item-display-block wpr-grid-item-align-center wpr-element-fade-in wpr-anim-size-large wpr-anim-timing-ease-default wpr-anim-transparency wpr-pointer-none wpr-pointer-line-fx wpr-pointer-fx-fade wpr-grid-tax-style-1\"><div class=\"inner-block\"><a class=\" wpr-tax-id-1\" href=\"https:\/\/mustishow.com\/?cat=1\">Kartvizitler<\/a><\/div><\/div><\/div><\/div><\/div><\/div><\/div><\/div><\/div><\/article><article class=\"wpr-grid-item elementor-clearfix post-451 post type-post status-publish format-standard has-post-thumbnail hentry category-logolar\"><div class=\"wpr-grid-item-inner\"><div class=\"wpr-grid-media-wrap wpr-effect-size-medium \" data-overlay-link=\"yes\"><div class=\"wpr-grid-image-wrap\" data-src=\"https:\/\/mustishow.com\/wp-content\/uploads\/elementor\/thumbs\/Basliksiz-6-06-r268hz49nhn7k16eo1c3mf7mvwo58aeol3251tc1n0.jpg\" data-img-on-hover=\"\"  data-src-secondary=\"\"><img decoding=\"async\" data-no-lazy=\"1\" src=\"https:\/\/mustishow.com\/wp-content\/uploads\/elementor\/thumbs\/Basliksiz-6-06-r268hz49nhn7k16eo1c3mf7mvwo58aeol3251tc1n0.jpg\" alt=\"Ba\u015fl\u0131ca Firmalar\" class=\"wpr-anim-timing-ease-default\"><\/div><div class=\"wpr-grid-media-hover wpr-animation-wrap\"><div class=\"wpr-grid-media-hover-bg  wpr-overlay-fade-in wpr-anim-size-large wpr-anim-timing-ease-default wpr-anim-transparency\" data-url=\"https:\/\/mustishow.com\/?p=451\"><\/div><div class=\"wpr-cv-container\"><div class=\"wpr-cv-outer\"><div class=\"wpr-cv-inner\"><div class=\"wpr-grid-media-hover-middle elementor-clearfix\"><h2 class=\"wpr-grid-item-title elementor-repeater-item-83c0ab6 wpr-grid-item-display-block wpr-grid-item-align-center wpr-element-fade-in wpr-anim-size-large wpr-anim-timing-ease-default wpr-anim-transparency wpr-pointer-none wpr-pointer-line-fx wpr-pointer-fx-fade\"><div class=\"inner-block\"><a target=\"_self\"  href=\"https:\/\/mustishow.com\/?p=451\">Ba\u015fl\u0131ca Firmalar<\/a><\/div><\/h2><div class=\"wpr-grid-item-category elementor-repeater-item-deefd3e wpr-grid-item-display-block wpr-grid-item-align-center wpr-element-fade-in wpr-anim-size-large wpr-anim-timing-ease-default wpr-anim-transparency wpr-pointer-none wpr-pointer-line-fx wpr-pointer-fx-fade wpr-grid-tax-style-1\"><div class=\"inner-block\"><a class=\" wpr-tax-id-2\" href=\"https:\/\/mustishow.com\/?cat=2\">Logolar<\/a><\/div><\/div><\/div><\/div><\/div><\/div><\/div><\/div><\/div><\/article><article class=\"wpr-grid-item elementor-clearfix post-447 post type-post status-publish format-standard has-post-thumbnail hentry category-digital category-logolar category-web\"><div class=\"wpr-grid-item-inner\"><div class=\"wpr-grid-media-wrap wpr-effect-size-medium \" data-overlay-link=\"yes\"><div class=\"wpr-grid-image-wrap\" data-src=\"https:\/\/mustishow.com\/wp-content\/uploads\/elementor\/thumbs\/Basliksiz-6-07-r268ooosfwtwftfihfr7x893jxlh6i1p6apxdxdv7w.jpg\" data-img-on-hover=\"\"  data-src-secondary=\"\"><img decoding=\"async\" data-no-lazy=\"1\" src=\"https:\/\/mustishow.com\/wp-content\/uploads\/elementor\/thumbs\/Basliksiz-6-07-r268ooosfwtwftfihfr7x893jxlh6i1p6apxdxdv7w.jpg\" alt=\"Ba\u015fl\u0131ca Firmalar\" class=\"wpr-anim-timing-ease-default\"><\/div><div class=\"wpr-grid-media-hover wpr-animation-wrap\"><div class=\"wpr-grid-media-hover-bg  wpr-overlay-fade-in wpr-anim-size-large wpr-anim-timing-ease-default wpr-anim-transparency\" data-url=\"https:\/\/mustishow.com\/?p=447\"><\/div><div class=\"wpr-cv-container\"><div class=\"wpr-cv-outer\"><div class=\"wpr-cv-inner\"><div class=\"wpr-grid-media-hover-middle elementor-clearfix\"><h2 class=\"wpr-grid-item-title elementor-repeater-item-83c0ab6 wpr-grid-item-display-block wpr-grid-item-align-center wpr-element-fade-in wpr-anim-size-large wpr-anim-timing-ease-default wpr-anim-transparency wpr-pointer-none wpr-pointer-line-fx wpr-pointer-fx-fade\"><div class=\"inner-block\"><a target=\"_self\"  href=\"https:\/\/mustishow.com\/?p=447\">Ba\u015fl\u0131ca Firmalar<\/a><\/div><\/h2><div class=\"wpr-grid-item-category elementor-repeater-item-deefd3e wpr-grid-item-display-block wpr-grid-item-align-center wpr-element-fade-in wpr-anim-size-large wpr-anim-timing-ease-default wpr-anim-transparency wpr-pointer-none wpr-pointer-line-fx wpr-pointer-fx-fade wpr-grid-tax-style-1\"><div class=\"inner-block\"><a class=\" wpr-tax-id-3\" href=\"https:\/\/mustishow.com\/?cat=3\">Digital<span class=\"tax-sep\">, <\/span><\/a><a class=\" wpr-tax-id-2\" href=\"https:\/\/mustishow.com\/?cat=2\">Logolar<span class=\"tax-sep\">, <\/span><\/a><a class=\" wpr-tax-id-7\" href=\"https:\/\/mustishow.com\/?cat=7\">Web<\/a><\/div><\/div><\/div><\/div><\/div><\/div><\/div><\/div><\/div><\/article><article class=\"wpr-grid-item elementor-clearfix post-439 post type-post status-publish format-standard has-post-thumbnail hentry category-poster\"><div class=\"wpr-grid-item-inner\"><div class=\"wpr-grid-media-wrap wpr-effect-size-medium \" data-overlay-link=\"yes\"><div class=\"wpr-grid-image-wrap\" data-src=\"https:\/\/mustishow.com\/wp-content\/uploads\/elementor\/thumbs\/post-3-e1640693846622-r15m86vssdike299sncs2q8xzc1rerakqv0l6lgpxo.jpg\" data-img-on-hover=\"\"  data-src-secondary=\"\"><img decoding=\"async\" data-no-lazy=\"1\" src=\"https:\/\/mustishow.com\/wp-content\/uploads\/elementor\/thumbs\/post-3-e1640693846622-r15m86vssdike299sncs2q8xzc1rerakqv0l6lgpxo.jpg\" alt=\"Green Rooms\" class=\"wpr-anim-timing-ease-default\"><\/div><div class=\"wpr-grid-media-hover wpr-animation-wrap\"><div class=\"wpr-grid-media-hover-bg  wpr-overlay-fade-in wpr-anim-size-large wpr-anim-timing-ease-default wpr-anim-transparency\" data-url=\"https:\/\/mustishow.com\/?p=439\"><\/div><div class=\"wpr-cv-container\"><div class=\"wpr-cv-outer\"><div class=\"wpr-cv-inner\"><div class=\"wpr-grid-media-hover-middle elementor-clearfix\"><h2 class=\"wpr-grid-item-title elementor-repeater-item-83c0ab6 wpr-grid-item-display-block wpr-grid-item-align-center wpr-element-fade-in wpr-anim-size-large wpr-anim-timing-ease-default wpr-anim-transparency wpr-pointer-none wpr-pointer-line-fx wpr-pointer-fx-fade\"><div class=\"inner-block\"><a target=\"_self\"  href=\"https:\/\/mustishow.com\/?p=439\">Green Rooms<\/a><\/div><\/h2><div class=\"wpr-grid-item-category elementor-repeater-item-deefd3e wpr-grid-item-display-block wpr-grid-item-align-center wpr-element-fade-in wpr-anim-size-large wpr-anim-timing-ease-default wpr-anim-transparency wpr-pointer-none wpr-pointer-line-fx wpr-pointer-fx-fade wpr-grid-tax-style-1\"><div class=\"inner-block\"><a class=\" wpr-tax-id-4\" href=\"https:\/\/mustishow.com\/?cat=4\">Poster<\/a><\/div><\/div><\/div><\/div><\/div><\/div><\/div><\/div><\/div><\/article><article class=\"wpr-grid-item elementor-clearfix post-401 post type-post status-publish format-standard has-post-thumbnail hentry category-web\"><div class=\"wpr-grid-item-inner\"><div class=\"wpr-grid-media-wrap wpr-effect-size-medium \" data-overlay-link=\"yes\"><div class=\"wpr-grid-image-wrap\" data-src=\"https:\/\/mustishow.com\/wp-content\/uploads\/elementor\/thumbs\/post-11-e1640693754532-r15m88rh61l51a6jho617prv63shu5i1f4bk55dxl8.jpg\" data-img-on-hover=\"\"  data-src-secondary=\"\"><img decoding=\"async\" data-no-lazy=\"1\" src=\"https:\/\/mustishow.com\/wp-content\/uploads\/elementor\/thumbs\/post-11-e1640693754532-r15m88rh61l51a6jho617prv63shu5i1f4bk55dxl8.jpg\" alt=\"Seasonal Collection\" class=\"wpr-anim-timing-ease-default\"><\/div><div class=\"wpr-grid-media-hover wpr-animation-wrap\"><div class=\"wpr-grid-media-hover-bg  wpr-overlay-fade-in wpr-anim-size-large wpr-anim-timing-ease-default wpr-anim-transparency\" data-url=\"https:\/\/mustishow.com\/?p=401\"><\/div><div class=\"wpr-cv-container\"><div class=\"wpr-cv-outer\"><div class=\"wpr-cv-inner\"><div class=\"wpr-grid-media-hover-middle elementor-clearfix\"><h2 class=\"wpr-grid-item-title elementor-repeater-item-83c0ab6 wpr-grid-item-display-block wpr-grid-item-align-center wpr-element-fade-in wpr-anim-size-large wpr-anim-timing-ease-default wpr-anim-transparency wpr-pointer-none wpr-pointer-line-fx wpr-pointer-fx-fade\"><div class=\"inner-block\"><a target=\"_self\"  href=\"https:\/\/mustishow.com\/?p=401\">Seasonal Collection<\/a><\/div><\/h2><div class=\"wpr-grid-item-category elementor-repeater-item-deefd3e wpr-grid-item-display-block wpr-grid-item-align-center wpr-element-fade-in wpr-anim-size-large wpr-anim-timing-ease-default wpr-anim-transparency wpr-pointer-none wpr-pointer-line-fx wpr-pointer-fx-fade wpr-grid-tax-style-1\"><div class=\"inner-block\"><a class=\" wpr-tax-id-7\" href=\"https:\/\/mustishow.com\/?cat=7\">Web<\/a><\/div><\/div><\/div><\/div><\/div><\/div><\/div><\/div><\/div><\/article><\/section>\t\t\t\t<\/div>\n\t\t\t\t<\/div>\n\t\t\t\t\t<\/div>\n\t\t<\/div>\n\t\t\t\t\t<\/div>\n\t\t<\/section>\n\t\t\t\t<\/div>\n\t\t","protected":false},"excerpt":{"rendered":"<p>Portfolyo Portfolyo Benim Projelerim Bir\u00e7ok firma ile yapm\u0131\u015f oldu\u011fum baz\u0131 i\u015fleri sizler i\u00e7in d\u00fczenledim. \u00a0 All Work \/Kartvizitler \/Logolar \/Poster \/Uncategorized \/Web &nbsp;&nbsp;Back \/Digital \/Real Kartvizitler-2 Kartvizitler Kartvizitler Kartvizitler Ba\u015fl\u0131ca Firmalar Logolar Ba\u015fl\u0131ca Firmalar Digital, Logolar, Web Green Rooms Poster Seasonal Collection Web<\/p>\n","protected":false},"author":1,"featured_media":0,"parent":0,"menu_order":0,"comment_status":"closed","ping_status":"closed","template":"elementor_canvas","meta":{"footnotes":""},"class_list":["post-84","page","type-page","status-publish","hentry"],"_links":{"self":[{"href":"https:\/\/mustishow.com\/index.php?rest_route=\/wp\/v2\/pages\/84","targetHints":{"allow":["GET"]}}],"collection":[{"href":"https:\/\/mustishow.com\/index.php?rest_route=\/wp\/v2\/pages"}],"about":[{"href":"https:\/\/mustishow.com\/index.php?rest_route=\/wp\/v2\/types\/page"}],"author":[{"embeddable":true,"href":"https:\/\/mustishow.com\/index.php?rest_route=\/wp\/v2\/users\/1"}],"replies":[{"embeddable":true,"href":"https:\/\/mustishow.com\/index.php?rest_route=%2Fwp%2Fv2%2Fcomments&post=84"}],"version-history":[{"count":21,"href":"https:\/\/mustishow.com\/index.php?rest_route=\/wp\/v2\/pages\/84\/revisions"}],"predecessor-version":[{"id":1289,"href":"https:\/\/mustishow.com\/index.php?rest_route=\/wp\/v2\/pages\/84\/revisions\/1289"}],"wp:attachment":[{"href":"https:\/\/mustishow.com\/index.php?rest_route=%2Fwp%2Fv2%2Fmedia&parent=84"}],"curies":[{"name":"wp","href":"https:\/\/api.w.org\/{rel}","templated":true}]}}